{"id":9403,"date":"2024-04-21T17:36:27","date_gmt":"2024-04-21T15:36:27","guid":{"rendered":"https:\/\/www.heusenstaemmchen.de\/blog\/?page_id=9403"},"modified":"2026-01-24T10:12:46","modified_gmt":"2026-01-24T09:12:46","slug":"mainhausen-polizeimeldungen","status":"publish","type":"page","link":"https:\/\/www.heusenstaemmchen.de\/news\/mainhausen-polizeimeldungen","title":{"rendered":"Polizeieins\u00e4tze Mainhausen aktuell"},"content":{"rendered":"<div class=\"post\" style=\"margin-bottom:40px;\">\n <article>\n <h2><a name=\"f500b2d3\" href=\"https:\/\/www.presseportal.de\/blaulicht\/pm\/43561\/6269777\" rel=\"bookmark\" style=\"color:#333333; font-weight:bold;\" title=\"Link zum Artikel auf presseportal.de\" target=\"_blank\">Polizei Offenbach am Main: Pressemeldungen vom 06.05.2026<\/a><\/h2>\n <div class=\"entry\">\n  <p style=\"margin-bottom:4px;\">\n   <a href=\"https:\/\/www.presseportal.de\/blaulicht\/pm\/43561\/6269777\" target=\"_blank\"><img decoding=\"async\" src=\"\/feeds\/gfx\/POL-OF.jpg\" style=\"align:left !important; float:left !important; margin-top:4px !important; margin-right:8px !important; margin-bottom:4px !important; width:90px !important;\" \/><\/a>   ... <b>7. Sechs Container aufgebrochen und Werkzeuge gestohlen - Langen<\/b>   (fg) Insgesamt sechs Container haben Unbekannte zwischen Montag, 17 Uhr und Dienstagmorgen, 7 Uhr, auf einem Baustellengel\u00e4nde in der Marie-Curie-Stra\u00dfe aufgebrochen und anschlie\u00dfend diverses Werkzeug sowie Bauger\u00e4te mitgenommen. Ersten Sch\u00e4tzungen zufolge ...<br clear=\"all\" \/>  <\/p>\n  <div><span class=\"my_article_details\"><time datetime=\"2026-05-06\">06.05.2026<\/time> &middot; <a href=\"\/news\/diebstaehle-offenbach-am-main\" title=\"Diebst\u00e4hle Offenbach am Main\">Diebstahl<\/a> &middot; <a href=\"\/news\/mainhausen-aktuell\" title=\"Mainhausen heute aktuell\">Mainhausen<\/a> &middot; <a href=\"\/news\/mainhausen-polizeimeldungen\" title=\"Polizeieins\u00e4tze Mainhausen\">Polizei<\/a> &middot; <a href=\"\/news\/unfaelle-offenbach-am-main\" title=\"Unf\u00e4lle Offenbach am Main\">Unfall<\/a> &middot; <\/span><a href=\"https:\/\/www.presseportal.de\/blaulicht\/pm\/43561\/6269777\" title=\"Link zum Artikel auf presseportal.de\" target=\"_blank\">presseportal.de<\/a><\/div>\n  <b><\/b>\n <\/div>\n <\/article>\n<\/div>\n<div class=\"post\" style=\"margin-bottom:40px;\">\n <article>\n <h2><a name=\"fe4f30a0\" href=\"https:\/\/www.presseportal.de\/blaulicht\/pm\/43561\/6266182\" rel=\"bookmark\" style=\"color:#333333; font-weight:bold;\" title=\"Link zum Artikel auf presseportal.de\" target=\"_blank\">Polizei Offenbach am Main: Pressemeldungen vom 30.04.2026<\/a><\/h2>\n <div class=\"entry\">\n  <p style=\"margin-bottom:4px;\">\n   <a href=\"https:\/\/www.presseportal.de\/blaulicht\/pm\/43561\/6266182\" target=\"_blank\"><img decoding=\"async\" src=\"\/feeds\/gfx\/POL-OF.jpg\" style=\"align:left !important; float:left !important; margin-top:4px !important; margin-right:8px !important; margin-bottom:4px !important; width:90px !important;\" \/><\/a>   ... <b>6. Sand im Tank: Zeugen gesucht! - Mainhausen<\/b>   (cb) Die Polizei in Seligenstadt hat, nachdem Unbekannte in den Tank eines blauen Seats Sand eingef\u00fcllt hatten, die Ermittlungen wegen des Verdachts der Sachbesch\u00e4digung aufgenommen. Nach den bisherigen Erkenntnissen stellte der Fahrzeugeigent\u00fcmer seinen ...<br clear=\"all\" \/>  <\/p>\n  <div><span class=\"my_article_details\"><time datetime=\"2026-04-30\">30.04.2026<\/time> &middot; <a href=\"\/news\/mainhausen-aktuell\" title=\"Mainhausen heute aktuell\">Mainhausen<\/a> &middot; <a href=\"\/news\/mainhausen-polizeimeldungen\" title=\"Polizeieins\u00e4tze Mainhausen\">Polizei<\/a> &middot; Sachbesch\u00e4digung &middot; <\/span><a href=\"https:\/\/www.presseportal.de\/blaulicht\/pm\/43561\/6266182\" title=\"Link zum Artikel auf presseportal.de\" target=\"_blank\">presseportal.de<\/a><\/div>\n  <b><\/b>\n <\/div>\n <\/article>\n<\/div>\n<div class=\"post\" style=\"margin-bottom:40px;\">\n <article>\n <h2><a name=\"b0b8098e\" href=\"https:\/\/www.presseportal.de\/blaulicht\/pm\/43561\/6266498\" rel=\"bookmark\" style=\"color:#333333; font-weight:bold;\" title=\"Link zum Artikel auf presseportal.de\" target=\"_blank\">POL-OF: Betr\u00fcger \u00fcberlisteten Seniorin: Zeugensuche nach Trickbetrug<\/a><\/h2>\n <div class=\"entry\">\n  <p style=\"margin-bottom:4px;\">\n   <a href=\"https:\/\/www.presseportal.de\/blaulicht\/pm\/43561\/6266498\" target=\"_blank\"><img decoding=\"async\" src=\"\/feeds\/gfx\/POL-OF.jpg\" style=\"align:left !important; float:left !important; margin-top:4px !important; margin-right:8px !important; margin-bottom:4px !important; width:90px !important;\" \/><\/a>   Mainhausen  (ots)      (me) Zwischen 20 und 30 Jahre alt, etwa 1,80 Meter gro\u00df und von schlanker Figur, markante Frisur mit einem Undercut, bekleidet mit einem grauen Sweatshirt, einer hellbeigen Hose sowie hellen Schuhen: Nach einem Mann mit dieser Personenbeschreibung ...<br clear=\"all\" \/>  <\/p>\n  <div><span class=\"my_article_details\"><time datetime=\"2026-04-30\">30.04.2026<\/time> &middot; <a href=\"\/news\/betrugsfaelle-offenbach-am-main\" title=\"Betrugsf\u00e4lle Offenbach am Main\">Betrug<\/a> &middot; <a href=\"\/news\/mainhausen-aktuell\" title=\"Mainhausen heute aktuell\">Mainhausen<\/a> &middot; <a href=\"\/news\/mainhausen-polizeimeldungen\" title=\"Polizeieins\u00e4tze Mainhausen\">Polizei<\/a> &middot; <\/span><a href=\"https:\/\/www.presseportal.de\/blaulicht\/pm\/43561\/6266498\" title=\"Link zum Artikel auf presseportal.de\" target=\"_blank\">presseportal.de<\/a><\/div>\n  <b><\/b>\n <\/div>\n <\/article>\n<\/div>\n<div class=\"post\" style=\"margin-bottom:40px;\">\n <article>\n <h2><a name=\"e8bc80a8\" href=\"https:\/\/www.presseportal.de\/blaulicht\/pm\/43561\/6265271\" rel=\"bookmark\" style=\"color:#333333; font-weight:bold;\" title=\"Link zum Artikel auf presseportal.de\" target=\"_blank\">Polizei Offenbach am Main: Pressemeldungen vom 29.04.2026<\/a><\/h2>\n <div class=\"entry\">\n  <p style=\"margin-bottom:4px;\">\n   <a href=\"https:\/\/www.presseportal.de\/blaulicht\/pm\/43561\/6265271\" target=\"_blank\"><img decoding=\"async\" src=\"\/feeds\/gfx\/POL-OF.jpg\" style=\"align:left !important; float:left !important; margin-top:4px !important; margin-right:8px !important; margin-bottom:4px !important; width:90px !important;\" \/><\/a>   ... <b>11. Volvo angedotzt: Zeugen gesucht! - Mainhausen<\/b>   (cb) Ein schwarzer Volvo, welcher am Fahrbahnrand der Ludwigstra\u00dfe (einstellige Hausnummern) abgestellt war, weist nun Besch\u00e4digungen am Fahrzeugheck auf, weshalb die Polizei in Seligenstadt nach Unfallzeugen sucht. Der V60 mit OF-Kennzeichen wurde am Montag ...<br clear=\"all\" \/>  <\/p>\n  <div><span class=\"my_article_details\"><time datetime=\"2026-04-29\">29.04.2026<\/time> &middot; <a href=\"\/news\/mainhausen-aktuell\" title=\"Mainhausen heute aktuell\">Mainhausen<\/a> &middot; <a href=\"\/news\/mainhausen-polizeimeldungen\" title=\"Polizeieins\u00e4tze Mainhausen\">Polizei<\/a> &middot; <a href=\"\/news\/unfaelle-offenbach-am-main\" title=\"Unf\u00e4lle Offenbach am Main\">Unfall<\/a> &middot; <\/span><a href=\"https:\/\/www.presseportal.de\/blaulicht\/pm\/43561\/6265271\" title=\"Link zum Artikel auf presseportal.de\" target=\"_blank\">presseportal.de<\/a><\/div>\n  <b><\/b>\n <\/div>\n <\/article>\n<\/div>\n<div class=\"post\" style=\"margin-bottom:40px;\">\n <article>\n <h2><a name=\"e525cb74\" href=\"https:\/\/www.presseportal.de\/blaulicht\/pm\/43561\/6254265\" rel=\"bookmark\" style=\"color:#333333; font-weight:bold;\" title=\"Link zum Artikel auf presseportal.de\" target=\"_blank\">Polizei Offenbach am Main: Pressemeldungen vom 13.04.2026<\/a><\/h2>\n <div class=\"entry\">\n  <p style=\"margin-bottom:4px;\">\n   <a href=\"https:\/\/www.presseportal.de\/blaulicht\/pm\/43561\/6254265\" target=\"_blank\"><img decoding=\"async\" src=\"\/feeds\/gfx\/POL-OF.jpg\" style=\"align:left !important; float:left !important; margin-top:4px !important; margin-right:8px !important; margin-bottom:4px !important; width:90px !important;\" \/><\/a>   ... <b>10. Zeugensuche nach Diebstahl von Scheinwerfern - Mainhausen \/ Rodgau \/ Obertshausen<\/b>   (cb) Bei mehreren Fahrzeugen im Dienstgebiet des Polizeipr\u00e4sidiums S\u00fcdosthessens montierten Fahrzeugteilediebe die Scheinwerfer aus, weshalb die Beamten des zust\u00e4ndigen Fachkommissariats die Ermittlungen aufgenommen haben und nun Zeugen suchen. Alle Taten ...<br clear=\"all\" \/>  <\/p>\n  <div><span class=\"my_article_details\"><time datetime=\"2026-04-13\">13.04.2026<\/time> &middot; <a href=\"\/news\/diebstaehle-offenbach-am-main\" title=\"Diebst\u00e4hle Offenbach am Main\">Diebstahl<\/a> &middot; <a href=\"\/news\/mainhausen-aktuell\" title=\"Mainhausen heute aktuell\">Mainhausen<\/a> &middot; <a href=\"\/news\/mainhausen-polizeimeldungen\" title=\"Polizeieins\u00e4tze Mainhausen\">Polizei<\/a> &middot; <\/span><a href=\"https:\/\/www.presseportal.de\/blaulicht\/pm\/43561\/6254265\" title=\"Link zum Artikel auf presseportal.de\" target=\"_blank\">presseportal.de<\/a><\/div>\n  <b><\/b>\n <\/div>\n <\/article>\n<\/div>\n<div class=\"post\" style=\"margin-bottom:40px;\">\n <article>\n <h2><a name=\"74188798\" href=\"https:\/\/www.presseportal.de\/blaulicht\/pm\/43561\/6252936\" rel=\"bookmark\" style=\"color:#333333; font-weight:bold;\" title=\"Link zum Artikel auf presseportal.de\" target=\"_blank\">Polizei Offenbach am Main: Pressemeldungen vom 10.04.2026<\/a><\/h2>\n <div class=\"entry\">\n  <p style=\"margin-bottom:4px;\">\n   <a href=\"https:\/\/www.presseportal.de\/blaulicht\/pm\/43561\/6252936\" target=\"_blank\"><img decoding=\"async\" src=\"\/feeds\/gfx\/POL-OF.jpg\" style=\"align:left !important; float:left !important; margin-top:4px !important; margin-right:8px !important; margin-bottom:4px !important; width:90px !important;\" \/><\/a>   ... <b>6. Nach Alleinunfall: Mercedes-Fahrer kam schwer verletzt ins Krankenhaus - Mainhausen<\/b>     (cb) Mit einem Rettungswagen kam ein 19 Jahre alter Mercedes-Fahrer nach einem Alleinunfall auf der Landesstra\u00dfe 3065 am Donnerstagnachmittag schwer verletzt in ein Krankenhaus. Nach bisherigen Erkenntnissen war der Mercedes-Lenker gegen 16 Uhr in seinem ...<br clear=\"all\" \/>  <\/p>\n  <div><span class=\"my_article_details\"><time datetime=\"2026-04-10\">10.04.2026<\/time> &middot; <a href=\"\/news\/mainhausen-aktuell\" title=\"Mainhausen heute aktuell\">Mainhausen<\/a> &middot; <a href=\"\/news\/mainhausen-polizeimeldungen\" title=\"Polizeieins\u00e4tze Mainhausen\">Polizei<\/a> &middot; <a href=\"\/news\/unfaelle-offenbach-am-main\" title=\"Unf\u00e4lle Offenbach am Main\">Unfall<\/a> &middot; <\/span><a href=\"https:\/\/www.presseportal.de\/blaulicht\/pm\/43561\/6252936\" title=\"Link zum Artikel auf presseportal.de\" target=\"_blank\">presseportal.de<\/a><\/div>\n  <b><\/b>\n <\/div>\n <\/article>\n<\/div>\n<div class=\"post\" style=\"margin-bottom:40px;\">\n <article>\n <h2><a name=\"e038c2ae\" href=\"https:\/\/www.presseportal.de\/blaulicht\/pm\/43561\/6227124\" rel=\"bookmark\" style=\"color:#333333; font-weight:bold;\" title=\"Link zum Artikel auf presseportal.de\" target=\"_blank\">Polizei Offenbach am Main: Pressemeldungen vom 02.03.2026<\/a><\/h2>\n <div class=\"entry\">\n  <p style=\"margin-bottom:4px;\">\n   <a href=\"https:\/\/www.presseportal.de\/blaulicht\/pm\/43561\/6227124\" target=\"_blank\"><img decoding=\"async\" src=\"\/feeds\/gfx\/POL-OF.jpg\" style=\"align:left !important; float:left !important; margin-top:4px !important; margin-right:8px !important; margin-bottom:4px !important; width:90px !important;\" \/><\/a>   ... <b>15. Handwerkerleistungen zu \"guten\" Preisen: Polizei sucht nach Zeugen - Mainhausen<\/b>   (me) Mindestens zwei Personen hatten im Verlauf des Samstags Besuch von Handwerkern, die ihnen Arbeiten zu \u00e4u\u00dferst verlockenden Preisen anboten. W\u00e4hrend eine Dame aus der Wiesenstra\u00dfe die Dienstleistungen ablehnte, lie\u00df sich eine Frau aus der Forsthausstra\u00dfe ...<br clear=\"all\" \/>  <\/p>\n  <div><span class=\"my_article_details\"><time datetime=\"2026-03-02\">02.03.2026<\/time> &middot; <a href=\"\/news\/mainhausen-aktuell\" title=\"Mainhausen heute aktuell\">Mainhausen<\/a> &middot; <a href=\"\/news\/mainhausen-polizeimeldungen\" title=\"Polizeieins\u00e4tze Mainhausen\">Polizei<\/a> &middot; <\/span><a href=\"https:\/\/www.presseportal.de\/blaulicht\/pm\/43561\/6227124\" title=\"Link zum Artikel auf presseportal.de\" target=\"_blank\">presseportal.de<\/a><\/div>\n  <b><\/b>\n <\/div>\n <\/article>\n<\/div>\n<div class=\"post\" style=\"margin-bottom:40px;\">\n <article>\n <h2><a name=\"7893ee48\" href=\"https:\/\/www.presseportal.de\/blaulicht\/pm\/43561\/6218697\" rel=\"bookmark\" style=\"color:#333333; font-weight:bold;\" title=\"Link zum Artikel auf presseportal.de\" target=\"_blank\">POL-OF: Nach Verdacht des Kraftfahrzeugrennens: Polizei beschlagnahmte F\u00fchrerschein<\/a><\/h2>\n <div class=\"entry\">\n  <p style=\"margin-bottom:4px;\">\n   <a href=\"https:\/\/www.presseportal.de\/blaulicht\/pm\/43561\/6218697\" target=\"_blank\"><img decoding=\"async\" src=\"\/feeds\/gfx\/POL-OF.jpg\" style=\"align:left !important; float:left !important; margin-top:4px !important; margin-right:8px !important; margin-bottom:4px !important; width:90px !important;\" \/><\/a>   (me) Er und ein bislang noch unbekannter Wagenlenker sollen die M\u00fchlheimer Stra\u00dfe am Montagnachmittag mit \u00fcberh\u00f6hter Geschwindigkeit entlanggefahren sein, weshalb die Polizei nun gegen einen 21-J\u00e4hrigen wegen des Verdachts des verbotenen Kraftfahrzeugrennens ...<br clear=\"all\" \/>  <\/p>\n  <div><span class=\"my_article_details\"><time datetime=\"2026-02-17\">17.02.2026<\/time> &middot; <a href=\"\/news\/polizeieinsaetze-offenbach-am-main\" title=\"Polizeieins\u00e4tze Offenbach am Main\">Kreis Offenbach<\/a> &middot; <a href=\"\/news\/mainhausen-polizeimeldungen\" title=\"Polizeieins\u00e4tze Mainhausen\">Polizei<\/a> &middot; <\/span><a href=\"https:\/\/www.presseportal.de\/blaulicht\/pm\/43561\/6218697\" title=\"Link zum Artikel auf presseportal.de\" target=\"_blank\">presseportal.de<\/a><\/div>\n  <b><\/b>\n <\/div>\n <\/article>\n<\/div>\n<div class=\"post\" style=\"margin-bottom:40px;\">\n <article>\n <h2><a name=\"2b62d746\" href=\"https:\/\/www.presseportal.de\/blaulicht\/pm\/43561\/6213568\" rel=\"bookmark\" style=\"color:#333333; font-weight:bold;\" title=\"Link zum Artikel auf presseportal.de\" target=\"_blank\">Polizei Offenbach am Main: Pressemeldungen vom 09.02.2026<\/a><\/h2>\n <div class=\"entry\">\n  <p style=\"margin-bottom:4px;\">\n   <a href=\"https:\/\/www.presseportal.de\/blaulicht\/pm\/43561\/6213568\" target=\"_blank\"><img decoding=\"async\" src=\"\/feeds\/gfx\/POL-OF.jpg\" style=\"align:left !important; float:left !important; margin-top:4px !important; margin-right:8px !important; margin-bottom:4px !important; width:90px !important;\" \/><\/a>   ... <b>14.\tZeugensuche nach Zusammensto\u00df beim \u00dcberholen - Seligenstadt<\/b>   (me) Bereits am Mittwoch (4. Februar) kam es in den Abendstunden zu einem Verkehrsunfall bei einem \u00dcberholvorgang. Gegen 19 Uhr fuhr die Kolonne, bestehend aus den zwei sp\u00e4teren Verunfallten und zwei nicht beteiligten Fahrzeugen, auf der Landesstra\u00dfe 3065 ...<br clear=\"all\" \/><\/p><p style=\"margin-top:8px; margin-bottom:4px;\"><a href=\"https:\/\/www.presseportal.de\/blaulicht\/pm\/43561\/6213568\" target=\"_blank\"><img decoding=\"async\" src=\"\/feeds\/gfx\/POL-OF.jpg\" style=\"align:left !important; float:left !important; margin-top:4px !important; margin-right:8px !important; margin-bottom:4px !important; width:90px !important;\" \/><\/a> ... <b>15.\tNach Einbruch: Diebe erbeuteten Schmuck - Mainhausen<\/b>   (me) Langfinger konnten am Samstagabend Schmuck im Wert von knapp 15.000 Euro erbeuten, nachdem diese in ein Wohnhaus eingebrochen waren. Offenbar durch das gewaltsame Aufhebeln einer Kellert\u00fcr gelangten die Einbrecher in das Reihenhaus in der R\u00f6hrigstra\u00dfe ...<br clear=\"all\" \/>  <\/p>\n  <div><span class=\"my_article_details\"><time datetime=\"2026-02-09\">09.02.2026<\/time> &middot; <a href=\"\/news\/diebstaehle-offenbach-am-main\" title=\"Diebst\u00e4hle Offenbach am Main\">Diebstahl<\/a> &middot; <a href=\"\/news\/einbrueche-offenbach-am-main\" title=\"Einbr\u00fcche Offenbach am Main\">Einbruch<\/a> &middot; <a href=\"\/news\/mainhausen-aktuell\" title=\"Mainhausen heute aktuell\">Mainhausen<\/a> &middot; <a href=\"\/news\/mainhausen-polizeimeldungen\" title=\"Polizeieins\u00e4tze Mainhausen\">Polizei<\/a> &middot; <a href=\"\/news\/unfaelle-offenbach-am-main\" title=\"Unf\u00e4lle Offenbach am Main\">Unfall<\/a> &middot; Zellhausen &middot; <\/span><a href=\"https:\/\/www.presseportal.de\/blaulicht\/pm\/43561\/6213568\" title=\"Link zum Artikel auf presseportal.de\" target=\"_blank\">presseportal.de<\/a><\/div>\n  <b><\/b>\n <\/div>\n <\/article>\n<\/div>\n<br \/><div style=\"margin-top:15px; margin-bottom:15px; padding:10px; text-align:left; word-wrap:break-word;\"><a name=\"umgebung\"><\/a><h2 style=\"margin:0px; margin-bottom:20px;\">Polizeimeldungen aus dem Kreis Offenbach<\/h2><div class=\"post\"><article><div class=\"entry\"><p>Falls dich eher die an&shy;de&shy;ren St\u00e4dte des Kreis Offenbach interes&shy;sie&shy;ren, gelangst du mit Hilfe der folgenden Links jeweils direkt zu deren aktuell&shy;sten Po&shy;li&shy;zei&shy;mel&shy;dun&shy;gen.<\/p><ul><li><a href=\"\/news\/dietzenbach-polizeimeldungen\">Dietzenbach Polizeimeldungen<\/a><\/li><li><a href=\"\/news\/dreieich-polizeimeldungen\">Dreieich Polizeimeldungen<\/a><\/li><li><a href=\"\/news\/egelsbach-polizeimeldungen\">Egelsbach Polizeimeldungen<\/a><\/li><li><a href=\"\/news\/hainburg-polizeimeldungen\">Hainburg Polizeimeldungen<\/a><\/li><li><a href=\"\/news\/heusenstamm-polizeimeldungen\">Heusenstamm Polizeimeldungen<\/a><\/li><li><a href=\"\/news\/langen-polizeimeldungen\">Langen Polizeimeldungen<\/a><\/li><li><a href=\"\/news\/muehlheim-polizeimeldungen\">M\u00fchlheim Polizeimeldungen<\/a><\/li><li><a href=\"\/news\/neu-isenburg-polizeimeldungen\">Neu-Isenburg Polizeimeldungen<\/a><\/li><li><a href=\"\/news\/obertshausen-polizeimeldungen\">Obertshausen Polizeimeldungen<\/a><\/li><li><a href=\"\/news\/offenbach-polizeimeldungen\">Offenbach Polizeimeldungen<\/a><\/li><li><a href=\"\/news\/rodgau-polizeimeldungen\">Rodgau Polizeimeldungen<\/a><\/li><li><a href=\"\/news\/roedermark-polizeimeldungen\">R\u00f6dermark Polizeimeldungen<\/a><\/li><li><a href=\"\/news\/seligenstadt-polizeimeldungen\">Seligenstadt Polizeimeldungen<\/a><\/li><\/ul><p>Ansonsten lies doch einfach in unserem <a href=\"\/news\/blog\" title=\"Heusenstamm Blog\">Blog<\/a> weiter! Dort findest du weitere Informationen mit regionalem Fokus.<\/p><\/div><\/article><\/div><\/div>\n\n","protected":false},"excerpt":{"rendered":"","protected":false},"author":4,"featured_media":13343,"parent":0,"menu_order":0,"comment_status":"closed","ping_status":"closed","template":"","meta":{"footnotes":""},"categories":[477],"tags":[472,507,498,457,461,506,471,468],"class_list":["post-9403","page","type-page","status-publish","has-post-thumbnail","hentry","category-polizeiberichte","tag-einbruch","tag-hessen","tag-kreis-offenbach","tag-mainhausen","tag-news","tag-of","tag-polizei","tag-unfall"],"_links":{"self":[{"href":"https:\/\/www.heusenstaemmchen.de\/news\/wp-json\/wp\/v2\/pages\/9403","targetHints":{"allow":["GET"]}}],"collection":[{"href":"https:\/\/www.heusenstaemmchen.de\/news\/wp-json\/wp\/v2\/pages"}],"about":[{"href":"https:\/\/www.heusenstaemmchen.de\/news\/wp-json\/wp\/v2\/types\/page"}],"author":[{"embeddable":true,"href":"https:\/\/www.heusenstaemmchen.de\/news\/wp-json\/wp\/v2\/users\/4"}],"replies":[{"embeddable":true,"href":"https:\/\/www.heusenstaemmchen.de\/news\/wp-json\/wp\/v2\/comments?post=9403"}],"version-history":[{"count":4,"href":"https:\/\/www.heusenstaemmchen.de\/news\/wp-json\/wp\/v2\/pages\/9403\/revisions"}],"predecessor-version":[{"id":13692,"href":"https:\/\/www.heusenstaemmchen.de\/news\/wp-json\/wp\/v2\/pages\/9403\/revisions\/13692"}],"wp:featuredmedia":[{"embeddable":true,"href":"https:\/\/www.heusenstaemmchen.de\/news\/wp-json\/wp\/v2\/media\/13343"}],"wp:attachment":[{"href":"https:\/\/www.heusenstaemmchen.de\/news\/wp-json\/wp\/v2\/media?parent=9403"}],"wp:term":[{"taxonomy":"category","embeddable":true,"href":"https:\/\/www.heusenstaemmchen.de\/news\/wp-json\/wp\/v2\/categories?post=9403"},{"taxonomy":"post_tag","embeddable":true,"href":"https:\/\/www.heusenstaemmchen.de\/news\/wp-json\/wp\/v2\/tags?post=9403"}],"curies":[{"name":"wp","href":"https:\/\/api.w.org\/{rel}","templated":true}]}}