{"id":13080,"date":"2024-07-13T14:55:45","date_gmt":"2024-07-13T12:55:45","guid":{"rendered":"https:\/\/www.heusenstaemmchen.de\/news\/?page_id=13080"},"modified":"2024-09-06T09:26:05","modified_gmt":"2024-09-06T07:26:05","slug":"text-anzeigen-auf-news-seiten","status":"publish","type":"page","link":"https:\/\/www.heusenstaemmchen.de\/news\/text-anzeigen-auf-news-seiten","title":{"rendered":"Text-Anzeigen auf News-Seiten"},"content":{"rendered":"<h2><\/h2>\n<p>Im Folgenden werden die wichtigsten Informationen zur Schaltung einer gewerblichen Text-Anzeige auf den News-Seiten von <a href=\"https:\/\/www.heusenstaemmchen.de\/\">heusenstaemmchen.de<\/a> aufgelistet. Zudem werden ein paar Beispiele gegeben, wie eine solche <strong>Text-Anzeige &#8222;News&#8220;<\/strong> prinzipiell aussieht.<\/p>\n<p>&nbsp;<\/p>\n<h2>Leistungsbeschreibung<\/h2>\n<ul>\n<li>Basierend auf vom Auftraggeber zu liefernde Informationen wird eine Text-Anzeige erstellt und auf <a href=\"https:\/\/www.heusenstaemmchen.de\/\">heusenstaemmchen.de<\/a> in vorhandene News-Seiten eingebunden.<\/li>\n<li>Eine Text-Anzeige besteht dabei aus einem Titel (maximal 70 Zeichen), einem Inhalt (maximal 200 Zeichen) und Verlinkungen zu der Website des Auftraggebers. Optional kann ein kleines Firmenlogo oder eine kleine, zur Text-Anzeige passende Bilddatei (PNG oder JPG) eingebunden werden.<\/li>\n<li>Eine Text-Anzeige wird jeweils einem auf <a href=\"https:\/\/www.heusenstaemmchen.de\/\">heusenstaemmchen.de<\/a> vorhandenen Themengebiet zugeordnet, wie z.B. der Stadt Seligenstadt. Hierdurch wird festgelegt, dass die Text-Anzeige vorrangig (aber nicht nur) auf den Seiten des zugeordneten Themengebiets angezeigt wird. F\u00fcr das Themengebiet Seligenstadt w\u00e4ren dies z.B. die News-Seiten <a href=\"\/news\/seligenstadt-aktuell\">Seligenstadt aktuell<\/a>, <a href=\"\/news\/seligenstadt-nachrichten\">Seligenstadt Nachrichten<\/a> und <a href=\"\/news\/seligenstadt-polizeimeldungen\">Seligenstadt Polizeieins\u00e4tze<\/a>.<\/li>\n<li>Eine Text-Anzeige wird so in die Inhalte von <a href=\"https:\/\/www.heusenstaemmchen.de\/\">heusenstaemmchen.de<\/a> eingebunden, dass sie den Besuchern zwischen einzelnen News-Meldungen angezeigt wird. W\u00e4hrend normale News-Meldungen mit ihrem fortschreitenden Alter auf einer News-Seite kontinuierlich weiter nach unten wandern, wird bei einer Text-Anzeige darauf geachtet, dass sie auch regelm\u00e4\u00dfig innerhalb der aktuellsten News-Meldungen einer Seite dargestellt wird. Die exakte Position einer Text-Anzeige auf einer News-Seite variiert aber trotzdem.<\/li>\n<\/ul>\n<p>&nbsp;<\/p>\n<h2>Vom Auftraggeber ben\u00f6tigte Informationen und Dinge<\/h2>\n<ul>\n<li>Name und Adresse der Firma<\/li>\n<li>URL (Web-Adresse) der Firma<\/li>\n<li>Pers\u00f6nliche, gesch\u00e4ftliche Kontaktdaten (Name, E-Mail-Adresse und Telefonnummer)<\/li>\n<li>Titel der Text-Anzeige (Flie\u00dftext, maximal 80 Zeichen)<\/li>\n<li>Inhalt der Text-Anzeige (Flie\u00dftext, maximal 200 Zeichen)<\/li>\n<li>Auf <a href=\"https:\/\/www.heusenstaemmchen.de\/\">heusenstaemmchen.de<\/a> vorhandenes und der Text-Anzeige zuzuordnendes Themengebiet (z.B. Seligenstadt)<\/li>\n<li>optional: Firmenlogo\/Bild zur Einbindung in die Text-Anzeige (PNG oder JPG, maximal 90&#215;60 Pixel)<\/li>\n<li>optional: zus\u00e4tzlicher URL (Web-Adresse) zur Verlinkung von Titel und Firmenlogo\/Bild<\/li>\n<li>Hintergrundfarbe der Text-Anzeige (zur Auswahl stehen aktuell <span style=\"background:#e6e6ff;\">helles Blau #e6e6ff<\/span>, <span style=\"background:#ffedd9;\">helles Orange #ffedd9<\/span> und <span style=\"background:#f9f9f9;\">helles Grau #f9f9f9<\/span>)<\/li>\n<li>Startdatum und Dauer der Anzeigenschaltung (minimum 30 Tage)<\/li>\n<\/ul>\n<p>&nbsp;<\/p>\n<h2>Anzeigenmuster<\/h2>\n<p>Die folgenden Anzeigenmuster geben einen ersten Eindruck, wie eine gewerbliche Text-Anzeige auf den News-Seiten von <a href=\"https:\/\/www.heusenstaemmchen.de\/\">heusenstaemmchen.de<\/a> aussehen kann.<\/p>\n<p>&nbsp;<\/p>\n<div class=\"post\" style=\"background-color:#ffedd9; margin-bottom:40px; padding:10px;\">\n<article>\n <a href=\"https:\/\/www.heusenstaemmchen.de\/news\/text-anzeigen-auf-news-seiten\" style=\"color:#000000; font-size:20px; font-weight:normal; text-decoration:underlined;\">Regionale Online-Werbung im Kreis Offenbach<\/a><\/p>\n<div class=\"entry\">\n<p style=\"margin-bottom:4px;\">\n   <a href=\"https:\/\/www.heusenstaemmchen.de\/news\/text-anzeigen-auf-news-seiten\" target=\"_blank\" rel=\"noopener\"><img decoding=\"async\" src=\"\/feeds\/gfx\/beispiel-firmenlogo.jpg\" style=\"align:left !important; float:left !important; margin-top:4px !important; margin-right:8px !important; margin-bottom:4px !important; width:90px !important;\\\" \/><\/a>Ungef\u00e4hr so erscheint eine Text-Anzeige mit hellem Orange als Hintergrundfarbe zwischen den regionalen News-Meldungen. Kontaktieren Sie uns bei Interesse!<br clear=\"all\" \/>\n  <\/p>\n<div><span><b>Anzeige<\/b> &middot; Name der Firma &middot; <\/span><a href=\"https:\/\/www.heusenstaemmchen.de\" title=\"Mehr Details auf domain-der-firma\" target=\"_blank\" rel=\"noopener\">domain-der-firma<\/a><\/div>\n<\/p><\/div>\n<\/article>\n<\/div>\n<div class=\"post\" style=\"background-color:#e6e6ff; margin-bottom:40px; padding:10px;\">\n<article>\n <a href=\"https:\/\/www.heusenstaemmchen.de\/news\/text-anzeigen-auf-news-seiten\" style=\"color:#000000; font-size:20px; font-weight:normal; text-decoration:underlined;\">Regionale Online-Werbung im Kreis Offenbach<\/a><\/p>\n<div class=\"entry\">\n<p style=\"margin-bottom:4px;\">\n   <a href=\"https:\/\/www.heusenstaemmchen.de\/news\/text-anzeigen-auf-news-seiten\" target=\"_blank\" rel=\"noopener\"><img decoding=\"async\" src=\"\/feeds\/gfx\/beispiel-firmenlogo.jpg\" style=\"align:left !important; float:left !important; margin-top:4px !important; margin-right:8px !important; margin-bottom:4px !important; width:90px !important;\\\" \/><\/a>Ungef\u00e4hr so erscheint eine Text-Anzeige mit hellem Blau als Hintergrundfarbe zwischen den regionalen News-Meldungen. Kontaktieren Sie uns bei Interesse!<br clear=\"all\" \/>\n  <\/p>\n<div><span><b>Anzeige<\/b> &middot; Name der Firma &middot; <\/span><a href=\"https:\/\/www.heusenstaemmchen.de\" title=\"Mehr Details auf domain-der-firma\" target=\"_blank\" rel=\"noopener\">domain-der-firma<\/a><\/div>\n<\/p><\/div>\n<\/article>\n<\/div>\n<div class=\"post\" style=\"background-color:#f9f9f9; margin-bottom:40px; padding:10px;\">\n<article>\n <a href=\"https:\/\/www.heusenstaemmchen.de\/news\/text-anzeigen-auf-news-seiten\" style=\"color:#000000; font-size:20px; font-weight:normal; text-decoration:underlined;\">Regionale Online-Werbung im Kreis Offenbach<\/a><\/p>\n<div class=\"entry\">\n<p style=\"margin-bottom:4px;\">\n   <a href=\"https:\/\/www.heusenstaemmchen.de\/news\/text-anzeigen-auf-news-seiten\" target=\"_blank\" rel=\"noopener\"><img decoding=\"async\" src=\"\/feeds\/gfx\/beispiel-firmenlogo.jpg\" style=\"align:left !important; float:left !important; margin-top:4px !important; margin-right:8px !important; margin-bottom:4px !important; width:90px !important;\\\" \/><\/a>Ungef\u00e4hr so erscheint eine Text-Anzeige mit hellem Grau als Hintergrundfarbe zwischen den regionalen News-Meldungen. Kontaktieren Sie uns bei Interesse!<br clear=\"all\" \/>\n  <\/p>\n<div><span><b>Anzeige<\/b> &middot; Name der Firma &middot; <\/span><a href=\"https:\/\/www.heusenstaemmchen.de\" title=\"Mehr Details auf domain-der-firma\" target=\"_blank\" rel=\"noopener\">domain-der-firma<\/a><\/div>\n<\/p><\/div>\n<\/article>\n<\/div>\n<p>&nbsp;<\/p>\n<h2>Inhaltliche Pr\u00fcfung<\/h2>\n<p>Vom Auftraggeber f\u00fcr eine Text-Anzeige erhaltene Texte, Links und Grafiken werden vor der Nutzung von uns gepr\u00fcft. Wir behalten uns vor, Inhalte, die unseren Anspr\u00fcchen nicht gerecht werden oder nicht zum Fokus von <a href=\"https:\/\/www.heusenstaemmchen.de\/\">heusenstaemmchen.de<\/a> passen, abzulehnen.<\/p>\n<p>&nbsp;<\/p>\n<h2>Kosten und Preise<\/h2>\n<p>Der Aufwand zur Erstellung und Einbindung einer gewerblichen Text-Anzeige h\u00e4ngt mit von den genauen Vorstellungen und W\u00fcnschen des jeweiligen Auftraggebers ab. Angebote erstellen wir erst auf konkrete Anfragen.<\/p>\n","protected":false},"excerpt":{"rendered":"<p>Im Folgenden werden die wichtigsten Informationen zur Schaltung einer gewerblichen Text-Anzeige auf den News-Seiten von heusenstaemmchen.de aufgelistet. Zudem werden ein paar Beispiele gegeben, wie eine solche Text-Anzeige &#8222;News&#8220; prinzipiell aussieht. &nbsp; Leistungsbeschreibung Basierend auf vom Auftraggeber zu liefernde Informationen wird eine Text-Anzeige&#46;&#46;&#46;<\/p>\n","protected":false},"author":4,"featured_media":0,"parent":0,"menu_order":0,"comment_status":"closed","ping_status":"closed","template":"","meta":{"footnotes":""},"categories":[],"tags":[],"class_list":["post-13080","page","type-page","status-publish","hentry"],"_links":{"self":[{"href":"https:\/\/www.heusenstaemmchen.de\/news\/wp-json\/wp\/v2\/pages\/13080","targetHints":{"allow":["GET"]}}],"collection":[{"href":"https:\/\/www.heusenstaemmchen.de\/news\/wp-json\/wp\/v2\/pages"}],"about":[{"href":"https:\/\/www.heusenstaemmchen.de\/news\/wp-json\/wp\/v2\/types\/page"}],"author":[{"embeddable":true,"href":"https:\/\/www.heusenstaemmchen.de\/news\/wp-json\/wp\/v2\/users\/4"}],"replies":[{"embeddable":true,"href":"https:\/\/www.heusenstaemmchen.de\/news\/wp-json\/wp\/v2\/comments?post=13080"}],"version-history":[{"count":3,"href":"https:\/\/www.heusenstaemmchen.de\/news\/wp-json\/wp\/v2\/pages\/13080\/revisions"}],"predecessor-version":[{"id":13304,"href":"https:\/\/www.heusenstaemmchen.de\/news\/wp-json\/wp\/v2\/pages\/13080\/revisions\/13304"}],"wp:attachment":[{"href":"https:\/\/www.heusenstaemmchen.de\/news\/wp-json\/wp\/v2\/media?parent=13080"}],"wp:term":[{"taxonomy":"category","embeddable":true,"href":"https:\/\/www.heusenstaemmchen.de\/news\/wp-json\/wp\/v2\/categories?post=13080"},{"taxonomy":"post_tag","embeddable":true,"href":"https:\/\/www.heusenstaemmchen.de\/news\/wp-json\/wp\/v2\/tags?post=13080"}],"curies":[{"name":"wp","href":"https:\/\/api.w.org\/{rel}","templated":true}]}}