{"id":12402,"date":"2024-03-01T19:37:34","date_gmt":"2024-03-01T18:37:34","guid":{"rendered":"https:\/\/www.heusenstaemmchen.de\/news\/?page_id=12402"},"modified":"2024-08-25T19:06:55","modified_gmt":"2024-08-25T17:06:55","slug":"earth-hour-offenbach-am-main","status":"publish","type":"page","link":"https:\/\/www.heusenstaemmchen.de\/news\/earth-hour-offenbach-am-main","title":{"rendered":"Earth Hour im Kreis Offenbach"},"content":{"rendered":"<p>Die <strong>Earth Hour<\/strong> ist die weltweit gr\u00f6\u00dfte <strong>Aktion f\u00fcr mehr Klima- und Umweltschutz<\/strong>. Sie wird vom <a href=\"https:\/\/www.wwf.de\/\">World Wide Fund For Nature<\/a> (WWF) initiiert und findet jedes Jahr im M\u00e4rz statt. Einige St\u00e4dte des Landkreis Offenbach, wie z.B. Dietzenbach, Langen, Neu-Isenburg und Seligenstadt, beteiligen sich bereits seit vielen Jahren regelm\u00e4\u00dfig an der Earth Hour.<\/p>\n<p>Welche Ziele mit der &#8222;Earth Hour&#8220; verfolgt werden, l\u00e4sst sich am besten <a href=\"https:\/\/www.wwf.de\/earth-hour\">direkt beim WWF nachlesen<\/a>. Um einfach mitzubekommen, was sich zur <strong>Earth Hour im Kreis Offenbach<\/strong> tut, werden im M\u00e4rz die aktuellen, regionalen Nachrichten t\u00e4glich automatisch f\u00fcr euch durchsucht.<\/p>\n<p>&nbsp;<\/p>\n<div class=\"post\" style=\"margin-bottom:40px;\">\n <article>\n <h2><a name=\"8d63bcf3\" href=\"https:\/\/www.tagesschau.de\/inland\/earth-hour-190.html\" rel=\"bookmark\" style=\"color:#333333; font-weight:bold;\" title=\"Link zum Artikel auf tagesschau.de\" target=\"_blank\">Brandenburger Tor im Dunkeln - &quot;Earth Hour&quot; f\u00fcr mehr Klimaschutz<\/a><\/h2>\n <div class=\"entry\">\n  <p style=\"margin-bottom:4px;\">\n   <a href=\"https:\/\/www.tagesschau.de\/inland\/earth-hour-190.html\" target=\"_blank\"><img decoding=\"async\" src=\"\/feeds\/gfx\/tagesschau.de.png\" style=\"align:left !important; float:left !important; margin-top:4px !important; margin-right:8px !important; margin-bottom:4px !important; width:90px !important;\" \/><\/a>   Zur &quot;Earth Hour&quot; wurde am Abend nicht nur am Brandenburger Tor das Licht ausgeknipst. Laut WWF haben sich bundesweit rund 500 St&auml;dte und Gemeinden an der Aktion f&uuml;r mehr Klimaschutz beteiligt. ...<br clear=\"all\" \/>  <\/p>\n  <div><span class=\"my_article_details\"><time datetime=\"2026-03-29\">29.03.2026<\/time> &middot; <a href=\"\/news\/earth-hour-offenbach-am-main\" title=\"Earth Hour Offenbach am Main\">Earth Hour<\/a> &middot; WWF &middot; <\/span><a href=\"https:\/\/www.tagesschau.de\/inland\/earth-hour-190.html\" title=\"Link zum Artikel auf tagesschau.de\" target=\"_blank\">tagesschau.de<\/a><\/div>\n  <b><\/b>\n <\/div>\n <\/article>\n<\/div>\n<div class=\"post\" style=\"margin-bottom:40px;\">\n <article>\n <h2><a name=\"6f9d29e8\" href=\"https:\/\/www.op-online.de\/verbraucher\/wird-waehrend-der-earth-hour-2026-ueberall-das-licht-ausgemacht-klima-schutz-aktion-28-maert-zr-94239977.html\" rel=\"bookmark\" style=\"color:#333333; font-weight:bold;\" title=\"Link zum Artikel auf op-online.de\" target=\"_blank\">Wird w\u00e4hrend der Earth Hour 2026 \u00fcberall das Licht ausgemacht?<\/a><\/h2>\n <div class=\"entry\">\n  <p style=\"margin-bottom:4px;\">\n   <a href=\"https:\/\/www.op-online.de\/verbraucher\/wird-waehrend-der-earth-hour-2026-ueberall-das-licht-ausgemacht-klima-schutz-aktion-28-maert-zr-94239977.html\" target=\"_blank\"><img decoding=\"async\" src=\"https:\/\/www.op-online.de\/assets\/images\/29\/533\/29533638-wohnhaus-nacht-3T01.jpg\" style=\"align:left !important; float:left !important; margin-top:4px !important; margin-right:8px !important; margin-bottom:4px !important; width:90px !important;\" \/><\/a>   Nein, die Earth Hour ist eine Aktion f&uuml;r Klima- und Umweltschutz. Doch unabh&auml;ngig davon, dass die Teilnahme freiwillig ist, darf sogar manch einer gar nicht das Licht ausmachen. Lesen Sie hier:<br clear=\"all\" \/>  <\/p>\n  <div><span class=\"my_article_details\"><time datetime=\"2026-03-28\">28.03.2026<\/time> &middot; <a href=\"\/news\/earth-hour-offenbach-am-main\" title=\"Earth Hour Offenbach am Main\">Earth Hour<\/a> &middot; Umweltschutz &middot; <\/span><a href=\"https:\/\/www.op-online.de\/verbraucher\/wird-waehrend-der-earth-hour-2026-ueberall-das-licht-ausgemacht-klima-schutz-aktion-28-maert-zr-94239977.html\" title=\"Link zum Artikel auf op-online.de\" target=\"_blank\">op-online.de<\/a><\/div>\n  <b><\/b>\n <\/div>\n <\/article>\n<\/div>\n<div class=\"post\" style=\"margin-bottom:40px;\">\n <article>\n <h2><a name=\"bd1f20cc\" href=\"https:\/\/www.wwf.de\/2026\/maerz\/pressemitteilung-zur-earth-hour-2026\" rel=\"bookmark\" style=\"color:#333333; font-weight:bold;\" title=\"Link zum Artikel auf wwf.de\" target=\"_blank\">WWF: Pressemitteilung zur Earth Hour 2026<\/a><\/h2>\n <div class=\"entry\">\n  <p style=\"margin-bottom:4px;\">\n   <a href=\"https:\/\/www.wwf.de\/2026\/maerz\/pressemitteilung-zur-earth-hour-2026\" target=\"_blank\"><img decoding=\"async\" src=\"https:\/\/www.wwf.de\/fileadmin\/_processed_\/5\/9\/csm_wwf-Earth-Hour-2026-c-Joerg-Farys-2_de17178117.jpg\" style=\"align:left !important; float:left !important; margin-top:4px !important; margin-right:8px !important; margin-bottom:4px !important; width:90px !important;\" \/><\/a>   Das war die Earth Hour 2026<br clear=\"all\" \/>  <\/p>\n  <div><span class=\"my_article_details\"><time datetime=\"2026-03-28\">28.03.2026<\/time> &middot; <a href=\"\/news\/earth-hour-offenbach-am-main\" title=\"Earth Hour Offenbach am Main\">Earth Hour<\/a> &middot; WWF &middot; <\/span><a href=\"https:\/\/www.wwf.de\/2026\/maerz\/pressemitteilung-zur-earth-hour-2026\" title=\"Link zum Artikel auf wwf.de\" target=\"_blank\">wwf.de<\/a><\/div>\n  <b><\/b>\n <\/div>\n <\/article>\n<\/div>\n<div class=\"post\" style=\"margin-bottom:40px;\">\n <article>\n <h2><a name=\"da2b70fe\" href=\"https:\/\/www.wwf.de\/2026\/maerz\/pressemitteilung-zur-earth-hour\" rel=\"bookmark\" style=\"color:#333333; font-weight:bold;\" title=\"Link zum Artikel auf wwf.de\" target=\"_blank\">WWF: Pressemitteilung zur Earth Hour<\/a><\/h2>\n <div class=\"entry\">\n  <p style=\"margin-bottom:4px;\">\n   <a href=\"https:\/\/www.wwf.de\/2026\/maerz\/pressemitteilung-zur-earth-hour\" target=\"_blank\"><img decoding=\"async\" src=\"https:\/\/www.wwf.de\/fileadmin\/_processed_\/a\/3\/csm_earth-hour-2019-kerzen-panda-australien-WW2117505-c-Leonie-Sii-WWF-Australia_758128463b.jpg\" style=\"align:left !important; float:left !important; margin-top:4px !important; margin-right:8px !important; margin-bottom:4px !important; width:90px !important;\" \/><\/a>   Noch zwei Tage bis zur Earth Hour 2026<br clear=\"all\" \/>  <\/p>\n  <div><span class=\"my_article_details\"><time datetime=\"2026-03-26\">26.03.2026<\/time> &middot; <a href=\"\/news\/earth-hour-offenbach-am-main\" title=\"Earth Hour Offenbach am Main\">Earth Hour<\/a> &middot; WWF &middot; <\/span><a href=\"https:\/\/www.wwf.de\/2026\/maerz\/pressemitteilung-zur-earth-hour\" title=\"Link zum Artikel auf wwf.de\" target=\"_blank\">wwf.de<\/a><\/div>\n  <b><\/b>\n <\/div>\n <\/article>\n<\/div>\n<div class=\"post\" style=\"margin-bottom:40px;\">\n <article>\n <h2><a name=\"1f8cf7eb\" href=\"https:\/\/www.dietzenbach.de\/index.php?ModID=255&FID=3651.28729.1&object=tx%2C3651.6\" rel=\"bookmark\" style=\"color:#333333; font-weight:bold;\" title=\"Link zum Artikel auf dietzenbach.de\" target=\"_blank\">Earth Hour am 28. M\u00e4rz: Ein Zeichen f\u00fcr den Klimaschutz<\/a><\/h2>\n <div class=\"entry\">\n  <p style=\"margin-bottom:4px;\">\n   <a href=\"https:\/\/www.dietzenbach.de\/index.php?ModID=255&FID=3651.28729.1&object=tx%2C3651.6\" target=\"_blank\"><img decoding=\"async\" src=\"\/feeds\/gfx\/dietzenbach.de.png\" style=\"align:left !important; float:left !important; margin-top:4px !important; margin-right:8px !important; margin-bottom:4px !important; width:90px !important;\" \/><\/a>   Kreisstadt w&uuml;rdigt die &bdquo;Stunde der Erde&ldquo; und ruft zum Mitmachen auf Die Kreisstadt Dietzenbach folgt in diesem Jahr wieder dem Aufruf der Umweltstiftung WWF Deutschland und beteiligt sich an der &bdquo;Earth ...<br clear=\"all\" \/>  <\/p>\n  <div><span class=\"my_article_details\"><time datetime=\"2026-03-23\">23.03.2026<\/time> &middot; <a href=\"\/news\/dietzenbach-aktuell\" title=\"Dietzenbach heute aktuell\">Dietzenbach<\/a> &middot; <a href=\"\/news\/earth-hour-offenbach-am-main\" title=\"Earth Hour Offenbach am Main\">Earth Hour<\/a> &middot; WWF &middot; <\/span><a href=\"https:\/\/www.dietzenbach.de\/index.php?ModID=255&FID=3651.28729.1&object=tx%2C3651.6\" title=\"Link zum Artikel auf dietzenbach.de\" target=\"_blank\">dietzenbach.de<\/a><\/div>\n  <b><\/b>\n <\/div>\n <\/article>\n<\/div>\n<div class=\"post\" style=\"margin-bottom:40px;\">\n <article>\n <h2><a name=\"31451458\" href=\"https:\/\/www.kreis-offenbach.de\/Service\/Medienservice\/Aktuelle-Pressemitteilungen\/Licht-aus-f%C3%BCr-den-Klimaschutz.php?object=tx,4013.5.1&ModID=7&FID=4013.3286.1&NavID=4013.211&La=1\" rel=\"bookmark\" style=\"color:#333333; font-weight:bold;\" title=\"Link zum Artikel auf kreis-offenbach.de\" target=\"_blank\">Licht aus f\u00fcr den Klimaschutz<\/a><\/h2>\n <div class=\"entry\">\n  <p style=\"margin-bottom:4px;\">\n   <a href=\"https:\/\/www.kreis-offenbach.de\/Service\/Medienservice\/Aktuelle-Pressemitteilungen\/Licht-aus-f%C3%BCr-den-Klimaschutz.php?object=tx,4013.5.1&ModID=7&FID=4013.3286.1&NavID=4013.211&La=1\" target=\"_blank\"><img decoding=\"async\" src=\"\/feeds\/gfx\/kreis-offenbach.de.png\" style=\"align:left !important; float:left !important; margin-top:4px !important; margin-right:8px !important; margin-bottom:4px !important; width:90px !important;\" \/><\/a>   Kreishaus beteiligt sich an &bdquo;Earth Hour&ldquo;<br clear=\"all\" \/>  <\/p>\n  <div><span class=\"my_article_details\"><time datetime=\"2026-03-23\">23.03.2026<\/time> &middot; <a href=\"\/news\/earth-hour-offenbach-am-main\" title=\"Earth Hour Offenbach am Main\">Earth Hour<\/a> &middot; <a href=\"\/news\/offenbach-aktuell\" title=\"Offenbach heute aktuell\">Offenbach<\/a> &middot; <\/span><a href=\"https:\/\/www.kreis-offenbach.de\/Service\/Medienservice\/Aktuelle-Pressemitteilungen\/Licht-aus-f%C3%BCr-den-Klimaschutz.php?object=tx,4013.5.1&ModID=7&FID=4013.3286.1&NavID=4013.211&La=1\" title=\"Link zum Artikel auf kreis-offenbach.de\" target=\"_blank\">kreis-offenbach.de<\/a><\/div>\n  <b><\/b>\n <\/div>\n <\/article>\n<\/div>\n<div class=\"post\" style=\"margin-bottom:40px;\">\n <article>\n <h2><a name=\"d4b150ff\" href=\"https:\/\/www.langen.de\/de\/aktuelles-umwelt\/earth-hour-will-ein-zeichen-setzen.html\" rel=\"bookmark\" style=\"color:#333333; font-weight:bold;\" title=\"Link zum Artikel auf langen.de\" target=\"_blank\">Langen: Earth Hour will ein Zeichen setzen<\/a><\/h2>\n <div class=\"entry\">\n  <p style=\"margin-bottom:4px;\">\n   <a href=\"https:\/\/www.langen.de\/de\/aktuelles-umwelt\/earth-hour-will-ein-zeichen-setzen.html\" target=\"_blank\"><img decoding=\"async\" src=\"\/feeds\/gfx\/langen.de.png\" style=\"align:left !important; float:left !important; margin-top:4px !important; margin-right:8px !important; margin-bottom:4px !important; width:90px !important;\" \/><\/a>   Langen beteiligt sich wieder an der weltweiten Klimaschutz-Aktion - Es wird dunkel f\u00fcr den Klimaschutz : Am Samstag, 28. M\u00e4rz, 20.30 Uhr, gehen in Langen wieder 60 Minuten lang  ...<br clear=\"all\" \/>  <\/p>\n  <div><span class=\"my_article_details\"><time datetime=\"2026-03-23\">23.03.2026<\/time> &middot; <a href=\"\/news\/earth-hour-offenbach-am-main\" title=\"Earth Hour Offenbach am Main\">Earth Hour<\/a> &middot; <a href=\"\/news\/langen-aktuell\" title=\"Langen heute aktuell\">Langen<\/a> &middot; <\/span><a href=\"https:\/\/www.langen.de\/de\/aktuelles-umwelt\/earth-hour-will-ein-zeichen-setzen.html\" title=\"Link zum Artikel auf langen.de\" target=\"_blank\">langen.de<\/a><\/div>\n  <b><\/b>\n <\/div>\n <\/article>\n<\/div>\n<div class=\"post\" style=\"margin-bottom:40px;\">\n <article>\n <h2><a name=\"af2f007b\" href=\"https:\/\/www.neu-isenburg.de\/pressemodul\/pressemitteilungen\/maerz\/gemeinsam-ein-starkes-zeichen-fuer-den-klimaschutz-earth-hour-am-28.maerz\" rel=\"bookmark\" style=\"color:#333333; font-weight:bold;\" title=\"Link zum Artikel auf neu-isenburg.de\" target=\"_blank\">Neu-Isenburg: Earth Hour am 28. M\u00e4rz<\/a><\/h2>\n <div class=\"entry\">\n  <p style=\"margin-bottom:4px;\">\n   <a href=\"https:\/\/www.neu-isenburg.de\/pressemodul\/pressemitteilungen\/maerz\/gemeinsam-ein-starkes-zeichen-fuer-den-klimaschutz-earth-hour-am-28.maerz\" target=\"_blank\"><img decoding=\"async\" src=\"\/feeds\/gfx\/neu-isenburg.de.png\" style=\"align:left !important; float:left !important; margin-top:4px !important; margin-right:8px !important; margin-bottom:4px !important; width:90px !important;\" \/><\/a>   Gemeinsam ein starkes Zeichen f&uuml;r den Klimaschutz setzen \u2013 Am Samstag, 28. M&auml;rz 2026, um 20:30 Uhr, startet weltweit die Earth Hour unter dem Motto \u201eLicht aus.<br clear=\"all\" \/>  <\/p>\n  <div><span class=\"my_article_details\"><time datetime=\"2026-03-11\">11.03.2026<\/time> &middot; <a href=\"\/news\/earth-hour-offenbach-am-main\" title=\"Earth Hour Offenbach am Main\">Earth Hour<\/a> &middot; <a href=\"\/news\/neu-isenburg-aktuell\" title=\"Neu-Isenburg heute aktuell\">Neu-Isenburg<\/a> &middot; <\/span><a href=\"https:\/\/www.neu-isenburg.de\/pressemodul\/pressemitteilungen\/maerz\/gemeinsam-ein-starkes-zeichen-fuer-den-klimaschutz-earth-hour-am-28.maerz\" title=\"Link zum Artikel auf neu-isenburg.de\" target=\"_blank\">neu-isenburg.de<\/a><\/div>\n  <b><\/b>\n <\/div>\n <\/article>\n<\/div>\n\n","protected":false},"excerpt":{"rendered":"<p>Die Earth Hour ist die weltweit gr\u00f6\u00dfte Aktion f\u00fcr mehr Klima- und Umweltschutz. Sie wird vom World Wide Fund For Nature (WWF) initiiert und findet jedes Jahr im M\u00e4rz statt. Einige St\u00e4dte des Landkreis Offenbach, wie z.B. Dietzenbach, Langen, Neu-Isenburg und Seligenstadt,&#46;&#46;&#46;<\/p>\n","protected":false},"author":4,"featured_media":0,"parent":0,"menu_order":0,"comment_status":"closed","ping_status":"closed","template":"","meta":{"footnotes":""},"categories":[],"tags":[311,156,464,133,456,4,90,457,302,102,433,455,458,190,459],"class_list":["post-12402","page","type-page","status-publish","hentry","tag-dietzenbach","tag-dreieich","tag-earth-hour","tag-egelsbach","tag-hainburg","tag-heusenstamm","tag-langen","tag-mainhausen","tag-muehlheim-am-main","tag-neu-isenburg","tag-obertshausen","tag-offenbach-am-main","tag-roedermark","tag-rodgau","tag-seligenstadt"],"_links":{"self":[{"href":"https:\/\/www.heusenstaemmchen.de\/news\/wp-json\/wp\/v2\/pages\/12402","targetHints":{"allow":["GET"]}}],"collection":[{"href":"https:\/\/www.heusenstaemmchen.de\/news\/wp-json\/wp\/v2\/pages"}],"about":[{"href":"https:\/\/www.heusenstaemmchen.de\/news\/wp-json\/wp\/v2\/types\/page"}],"author":[{"embeddable":true,"href":"https:\/\/www.heusenstaemmchen.de\/news\/wp-json\/wp\/v2\/users\/4"}],"replies":[{"embeddable":true,"href":"https:\/\/www.heusenstaemmchen.de\/news\/wp-json\/wp\/v2\/comments?post=12402"}],"version-history":[{"count":3,"href":"https:\/\/www.heusenstaemmchen.de\/news\/wp-json\/wp\/v2\/pages\/12402\/revisions"}],"predecessor-version":[{"id":13293,"href":"https:\/\/www.heusenstaemmchen.de\/news\/wp-json\/wp\/v2\/pages\/12402\/revisions\/13293"}],"wp:attachment":[{"href":"https:\/\/www.heusenstaemmchen.de\/news\/wp-json\/wp\/v2\/media?parent=12402"}],"wp:term":[{"taxonomy":"category","embeddable":true,"href":"https:\/\/www.heusenstaemmchen.de\/news\/wp-json\/wp\/v2\/categories?post=12402"},{"taxonomy":"post_tag","embeddable":true,"href":"https:\/\/www.heusenstaemmchen.de\/news\/wp-json\/wp\/v2\/tags?post=12402"}],"curies":[{"name":"wp","href":"https:\/\/api.w.org\/{rel}","templated":true}]}}