{"id":1092,"date":"2011-09-18T18:08:22","date_gmt":"2011-09-18T16:08:22","guid":{"rendered":"http:\/\/www.heusenstaemmchen.de\/blog\/?page_id=1092"},"modified":"2024-02-11T12:20:25","modified_gmt":"2024-02-11T11:20:25","slug":"mach-mit","status":"publish","type":"page","link":"https:\/\/www.heusenstaemmchen.de\/news\/mach-mit","title":{"rendered":"Mach mit!"},"content":{"rendered":"<p>M\u00f6chtest du das <b>Heusenst\u00e4mmchen<\/b> bei seiner Arbeit unterst\u00fctzen und <b>selbst Artikel schreiben<\/b>? Dann lies bitte weiter und lass dir kurz die wichtigsten, daf\u00fcr notwendigen Schritte erkl\u00e4ren!<\/p>\n<h3>1. Registrieren<\/h3>\n<p>Nur registrierte Benutzer k\u00f6nnen f\u00fcr Heusenstaemmchen.de Artikel schreiben. F\u00fcr die Registrierung musst du lediglich auf den Link &quot;<a href=\"\/news\/eingang?action=register\"><b>Registrieren<\/b><\/a>&quot; klicken, der im Men\u00fc &quot;<b>Mach mit!<\/b>&quot; auf der rechten Seite zu finden ist. Sobald du das getan hast, siehst du folgendes Formular in deinem Browser.<\/p>\n<p><img decoding=\"async\" src=\"\/graphics\/wordpress-registrierung.png\" \/><\/p>\n<p>Bitte gib hier den Benutzernamen ein, den du gern bei Heusenstaemmchen.de haben m\u00f6chtest (z.B. &#8222;max&#8220;), und deine aktuelle E-Mail-Adresse! Deine E-Mail-Adresse wird ben\u00f6tigt, um dir z.B. im Rahmen der Registrierung eine E-Mail mit deinem neuen Passwort schicken zu k\u00f6nnen. Die Email-Adresse wird nicht auf Heusenstaemmchen.de ver\u00f6ffentlicht.<\/p>\n<p>Sobald du anschlie\u00dfend auf den Knopf &quot;<b>Registrieren<\/b>&quot; geklickt hast, solltest du die folgende Best\u00e4tigung sehen und in deiner Mailbox eine Mail mit dem neuen Passwort finden.<\/p>\n<p><img decoding=\"async\" src=\"\/graphics\/wordpress-registrierung-vollstaendig.png\" \/><\/p>\n<h3>2. Anmelden<\/h3>\n<p>Wenn du dich als Benutzer bei Heusenstaemmchen.de registiert hast, hast du bereits einen Benutzernamen und ein Passwort. Um dich nun anzumelden, dr\u00fccke bitte auf den Link &quot;<a href=\"\/news\/eingang\"><b>Anmelden<\/b><\/a>&quot;, der im Men\u00fc &quot;<b>Mach mit!<\/b>&quot; auf der rechten Seite zu finden ist. Anschlie\u00dfend wird in deinem Browser das folgende Formular angezeigt.<\/p>\n<p><img decoding=\"async\" src=\"\/graphics\/wordpress-anmeldung.png\" \/><\/p>\n<p>Bitte gib hier deinen Benutzernamen und dein Passwort ein, und klicke anschlie\u00dfend auf den Knopf &quot;<b>Anmelden<\/b>&quot;!<\/p>\n<h3>3. Artikel schreiben und zur Revision vorlegen<\/h3>\n<p>Einen Artikel f\u00fcr Heusenstaemmchen.de zu schreiben, ist fast so einfach wie die Registrierung oder die Anmeldung eines Benutzers. Hier sind die wichtigsten Schritte in Kurzform:<\/p>\n<menu>\n<li>Auf der linken Seite siehst du das Men\u00fc &quot;<b>Artikel<\/b>&quot;. Klappe es bitte auf und klicke auf &quot;<b>Erstellen<\/b>&quot;!<\/li>\n<li>Bitte gib den Titel und den Inhalt des neuen Artikels ein! Wenn du zur Erstellung eines Artikels einige Beispiele ben\u00f6tigst, kannst du dir auch vorher \u00fcber das Men\u00fc &quot;<b>Artikel<\/b>&quot; auf der linken Seite alle bereits f\u00fcr Heusenstaemmchen.de erstellten Artikel ansehen.<\/li>\n<li>W\u00e4hrend und nach der Erstellung eines Artikels solltest du die Kn\u00f6pfe &quot;<b>Speichern<\/b>&quot; und &quot;<b>Vorschau<\/b>&quot; benutzen, um das Ergebnis zu sichern und auch anzuschauen.<\/li>\n<li>Bitte ordne deinen neuen Artikeln einer der bereits bekannten Kategorien zu! Hierzu kannst du auf der rechten Seite bei den dargestellten Kategorien einen oder mehrere Haken setzen.<\/li>\n<li>Als neuer Benutzer wirst du auf der rechten Seite den Knopf &quot;<b>Zur Revision vorlegen<\/b>&quot; sehen. Bitte klicke auf diesen Knopf, wenn du deinen Artikel vollst\u00e4ndig erstellt hast! Dadurch werden die Administratoren von Heusenstaemmchen.de dar\u00fcber informiert, dass dein neuer Artikel auf seine Ver\u00f6ffentlichung wartet.<\/li>\n<li>Ein Administrator wird deinen Artikel so schnell wie m\u00f6glich lesen, auf Fehler, wie z.B. falsche HTML-Formatierungen, \u00fcberpr\u00fcfen und kleinere Fehler korrigieren. Wenn mit deinem Artikel ansonsten alles in Ordnung ist, wird er anschlie\u00dfend gleich ver\u00f6ffentlicht. Anderenfalls wirst du ggf. von einem Administrator per E-Mail kontaktiert.<\/li>\n<li>Bitte vergiss nicht, nach getaner Arbeit den Link &quot;<b>Abmelden<\/b>&quot; zu benutzen! \ud83d\ude42<\/li>\n<\/menu>\n<p>Hast du noch weitere Fragen? Dann <a href=\"\/news\/impressum\">melde dich bitte bei uns<\/a>!<\/p>\n","protected":false},"excerpt":{"rendered":"<p>M\u00f6chtest du das Heusenst\u00e4mmchen bei seiner Arbeit unterst\u00fctzen und selbst Artikel schreiben? Dann lies bitte weiter und lass dir kurz die wichtigsten, daf\u00fcr notwendigen Schritte erkl\u00e4ren! 1. Registrieren Nur registrierte Benutzer k\u00f6nnen f\u00fcr Heusenstaemmchen.de Artikel schreiben. F\u00fcr die Registrierung musst du lediglich&#46;&#46;&#46;<\/p>\n","protected":false},"author":4,"featured_media":0,"parent":0,"menu_order":99,"comment_status":"open","ping_status":"closed","template":"","meta":{"footnotes":""},"categories":[],"tags":[],"class_list":["post-1092","page","type-page","status-publish","hentry"],"_links":{"self":[{"href":"https:\/\/www.heusenstaemmchen.de\/news\/wp-json\/wp\/v2\/pages\/1092","targetHints":{"allow":["GET"]}}],"collection":[{"href":"https:\/\/www.heusenstaemmchen.de\/news\/wp-json\/wp\/v2\/pages"}],"about":[{"href":"https:\/\/www.heusenstaemmchen.de\/news\/wp-json\/wp\/v2\/types\/page"}],"author":[{"embeddable":true,"href":"https:\/\/www.heusenstaemmchen.de\/news\/wp-json\/wp\/v2\/users\/4"}],"replies":[{"embeddable":true,"href":"https:\/\/www.heusenstaemmchen.de\/news\/wp-json\/wp\/v2\/comments?post=1092"}],"version-history":[{"count":3,"href":"https:\/\/www.heusenstaemmchen.de\/news\/wp-json\/wp\/v2\/pages\/1092\/revisions"}],"predecessor-version":[{"id":12372,"href":"https:\/\/www.heusenstaemmchen.de\/news\/wp-json\/wp\/v2\/pages\/1092\/revisions\/12372"}],"wp:attachment":[{"href":"https:\/\/www.heusenstaemmchen.de\/news\/wp-json\/wp\/v2\/media?parent=1092"}],"wp:term":[{"taxonomy":"category","embeddable":true,"href":"https:\/\/www.heusenstaemmchen.de\/news\/wp-json\/wp\/v2\/categories?post=1092"},{"taxonomy":"post_tag","embeddable":true,"href":"https:\/\/www.heusenstaemmchen.de\/news\/wp-json\/wp\/v2\/tags?post=1092"}],"curies":[{"name":"wp","href":"https:\/\/api.w.org\/{rel}","templated":true}]}}